{"id":4,"date":"2024-09-05T13:21:09","date_gmt":"2024-09-05T13:21:09","guid":{"rendered":"https:\/\/devblogs.microsoft.com\/azureatoz\/newsletter\/"},"modified":"2024-09-05T13:21:09","modified_gmt":"2024-09-05T13:21:09","slug":"newsletter","status":"publish","type":"page","link":"https:\/\/devblogs.microsoft.com\/all-things-azure\/newsletter\/","title":{"rendered":"Newsletter"},"content":{"rendered":"<p><h1 style=\"display: block; margin: 1em auto 1em auto; max-width: 500px; width: 100%;\">Subscribe to All things Azure<\/h1>\r\n<p><div class=\"tnp tnp-subscription \">\n<form method=\"post\" action=\"https:\/\/devblogs.microsoft.com\/all-things-azure\/?na=s\">\n<input type=\"hidden\" name=\"nlang\" value=\"\">\n<div class=\"tnp-field tnp-field-email\"><label for=\"tnp-1\">Email<\/label>\n<input class=\"tnp-email\" type=\"email\" name=\"ne\" id=\"tnp-1\" value=\"\" placeholder=\"\" required><\/div>\n<div class=\"tnp-field tnp-field-profile\"><label for=\"tnp-2\">Country\/Region<\/label>\n<select class=\"tnp-profile tnp-profile-1\" id=\"tnp-profile_1\" name=\"np1\" required><option value=\"\" selected disabled>Select your country<\/option><option>United States<\/option><option>Afghanistan<\/option><option>\u00c5land Islands<\/option><option>Albania<\/option><option>Algeria<\/option><option>American Samoa<\/option><option>Andorra<\/option><option>Angola<\/option><option>Anguilla<\/option><option>Antarctica<\/option><option>Antigua and Barbuda<\/option><option>Argentina<\/option><option>Armenia<\/option><option>Aruba<\/option><option>Australia<\/option><option>Austria<\/option><option>Azerbaijan<\/option><option>Bahamas<\/option><option>Bahrain<\/option><option>Bangladesh<\/option><option>Barbados<\/option><option>Belarus<\/option><option>Belgium<\/option><option>Belize<\/option><option>Benin<\/option><option>Bermuda<\/option><option>Bhutan<\/option><option>Bolivia<\/option><option>Bonaire<\/option><option>Bosnia and Herzegovina<\/option><option>Botswana<\/option><option>Bouvet Island<\/option><option>Brazil<\/option><option>British Indian Ocean Territory<\/option><option>British Virgin Islands<\/option><option>Brunei<\/option><option>Bulgaria<\/option><option>Burkina Faso<\/option><option>Burundi<\/option><option>Cabo Verde<\/option><option>Cambodia<\/option><option>Cameroon<\/option><option>Canada<\/option><option>Cayman Islands<\/option><option>Central African Republic<\/option><option>Chad<\/option><option>Chile<\/option><option>China<\/option><option>Christmas Island<\/option><option>Cocos (Keeling) Islands<\/option><option>Colombia<\/option><option>Comoros<\/option><option>Congo<\/option><option>Congo (DRC)<\/option><option>Cook Islands<\/option><option>Costa Rica<\/option><option>C\u00f4te d&#039;Ivoire<\/option><option>Croatia<\/option><option>Cura\u00e7ao<\/option><option>Cyprus<\/option><option>Czechia<\/option><option>Denmark<\/option><option>Djibouti<\/option><option>Dominica<\/option><option>Dominican Republic<\/option><option>Ecuador<\/option><option>Egypt<\/option><option>El Salvador<\/option><option>Equatorial Guinea<\/option><option>Eritrea<\/option><option>Estonia<\/option><option>Eswatini<\/option><option>Ethiopia<\/option><option>Falkland Islands<\/option><option>Faroe Islands<\/option><option>Fiji<\/option><option>Finland<\/option><option>France<\/option><option>French Guiana<\/option><option>French Polynesia<\/option><option>French Southern Territories<\/option><option>Gabon<\/option><option>Gambia<\/option><option>Georgia<\/option><option>Germany<\/option><option>Ghana<\/option><option>Gibraltar<\/option><option>Greece<\/option><option>Greenland<\/option><option>Grenada<\/option><option>Guadeloupe<\/option><option>Guam<\/option><option>Guatemala<\/option><option>Guernsey<\/option><option>Guinea<\/option><option>Guinea-Bissau<\/option><option>Guyana<\/option><option>Haiti<\/option><option>Heard Island and McDonald Islands<\/option><option>Honduras<\/option><option>Hong Kong SAR<\/option><option>Hungary<\/option><option>Iceland<\/option><option>India<\/option><option>Indonesia<\/option><option>Iraq<\/option><option>Ireland<\/option><option>Isle of Man<\/option><option>Israel<\/option><option>Italy<\/option><option>Jamaica<\/option><option>Japan<\/option><option>Jersey<\/option><option>Jordan<\/option><option>Kazakhstan<\/option><option>Kenya<\/option><option>Kiribati<\/option><option>Korea<\/option><option>Kosovo<\/option><option>Kuwait<\/option><option>Kyrgyzstan<\/option><option>Laos<\/option><option>Latvia<\/option><option>Lebanon<\/option><option>Lesotho<\/option><option>Liberia<\/option><option>Libya<\/option><option>Liechtenstein<\/option><option>Lithuania<\/option><option>Luxembourg<\/option><option>Macau SAR<\/option><option>Madagascar<\/option><option>Malawi<\/option><option>Malaysia<\/option><option>Maldives<\/option><option>Mali<\/option><option>Malta<\/option><option>Marshall Islands<\/option><option>Martinique<\/option><option>Mauritania<\/option><option>Mauritius<\/option><option>Mayotte<\/option><option>Mexico<\/option><option>Micronesia<\/option><option>Moldova<\/option><option>Monaco<\/option><option>Mongolia<\/option><option>Montenegro<\/option><option>Montserrat<\/option><option>Morocco<\/option><option>Mozambique<\/option><option>Myanmar<\/option><option>Namibia<\/option><option>Nauru<\/option><option>Nepal<\/option><option>Netherlands<\/option><option>New Caledonia<\/option><option>New Zealand<\/option><option>Nicaragua<\/option><option>Niger<\/option><option>Nigeria<\/option><option>Niue<\/option><option>Norfolk Island<\/option><option>North Macedonia<\/option><option>Northern Mariana Islands<\/option><option>Norway<\/option><option>Oman<\/option><option>Pakistan<\/option><option>Palau<\/option><option>Palestinian Authority<\/option><option>Panama<\/option><option>Papua New Guinea<\/option><option>Paraguay<\/option><option>Peru<\/option><option>Philippines<\/option><option>Pitcairn Islands<\/option><option>Poland<\/option><option>Portugal<\/option><option>Puerto Rico<\/option><option>Qatar<\/option><option>R\u00e9union<\/option><option>Romania<\/option><option>Rwanda<\/option><option>Saba<\/option><option>Saint Barth\u00e9lemy<\/option><option>Saint Kitts and Nevis<\/option><option>Saint Lucia<\/option><option>Saint Martin<\/option><option>Saint Pierre and Miquelon<\/option><option>Saint Vincent and the Grenadines<\/option><option>Samoa<\/option><option>San Marino<\/option><option>S\u00e3o Tom\u00e9 and Pr\u00edncipe<\/option><option>Saudi Arabia<\/option><option>Senegal<\/option><option>Serbia<\/option><option>Seychelles<\/option><option>Sierra Leone<\/option><option>Singapore<\/option><option>Sint Eustatius<\/option><option>Sint Maarten<\/option><option>Slovakia<\/option><option>Slovenia<\/option><option>Solomon Islands<\/option><option>Somalia<\/option><option>South Africa<\/option><option>South Georgia and South Sandwich Islands<\/option><option>South Sudan<\/option><option>Spain<\/option><option>Sri Lanka<\/option><option>St Helena<\/option><option>Ascension<\/option><option>Tristan da Cunha<\/option><option>Suriname<\/option><option>Svalbard<\/option><option>Sweden<\/option><option>Switzerland<\/option><option>Taiwan<\/option><option>Tajikistan<\/option><option>Tanzania<\/option><option>Thailand<\/option><option>Timor-Leste<\/option><option>Togo<\/option><option>Tokelau<\/option><option>Tonga<\/option><option>Trinidad and Tobago<\/option><option>Tunisia<\/option><option>T\u00fcrkiye<\/option><option>Turkmenistan<\/option><option>Turks and Caicos Islands<\/option><option>Tuvalu<\/option><option>U.S. Outlying Islands<\/option><option>U.S. Virgin Islands<\/option><option>Uganda<\/option><option>Ukraine<\/option><option>United Arab Emirates<\/option><option>United Kingdom<\/option><option>Uruguay<\/option><option>Uzbekistan<\/option><option>Vanuatu<\/option><option>Vatican City<\/option><option>Venezuela<\/option><option>Vietnam<\/option><option>Wallis and Futuna<\/option><option>Yemen<\/option><option>Zambia<\/option><option>Zimbabwe<\/option><\/select>\n<\/div>\n<div class=\"tnp-field tnp-privacy-field\"><label><a target=\"_blank\" href=\"https:\/\/go.microsoft.com\/fwlink\/?LinkId=521839\">By continuing, you accept the Privacy Statement<\/a><\/label><\/div><div class=\"tnp-field tnp-field-button\" style=\"text-align: left\"><input class=\"tnp-submit\" type=\"submit\" value=\"Subscribe\" style=\"\">\n<\/div>\n<\/form>\n<\/div>\n<\/p>\r\n<p style=\"display: block; margin: 1em auto 1em auto; max-width: 500px; width: 100%;\">- <br \/>Dev Blogs Team<\/p><\/p>\n","protected":false},"excerpt":{"rendered":"","protected":false},"author":7483,"featured_media":1743,"parent":0,"menu_order":0,"comment_status":"closed","ping_status":"closed","template":"","meta":{"_acf_changed":false,"footnotes":""},"class_list":["post-4","page","type-page","status-publish","has-post-thumbnail","hentry"],"acf":[],"_links":{"self":[{"href":"https:\/\/devblogs.microsoft.com\/all-things-azure\/wp-json\/wp\/v2\/pages\/4","targetHints":{"allow":["GET"]}}],"collection":[{"href":"https:\/\/devblogs.microsoft.com\/all-things-azure\/wp-json\/wp\/v2\/pages"}],"about":[{"href":"https:\/\/devblogs.microsoft.com\/all-things-azure\/wp-json\/wp\/v2\/types\/page"}],"author":[{"embeddable":true,"href":"https:\/\/devblogs.microsoft.com\/all-things-azure\/wp-json\/wp\/v2\/users\/7483"}],"replies":[{"embeddable":true,"href":"https:\/\/devblogs.microsoft.com\/all-things-azure\/wp-json\/wp\/v2\/comments?post=4"}],"version-history":[{"count":0,"href":"https:\/\/devblogs.microsoft.com\/all-things-azure\/wp-json\/wp\/v2\/pages\/4\/revisions"}],"wp:featuredmedia":[{"embeddable":true,"href":"https:\/\/devblogs.microsoft.com\/all-things-azure\/wp-json\/wp\/v2\/media\/1743"}],"wp:attachment":[{"href":"https:\/\/devblogs.microsoft.com\/all-things-azure\/wp-json\/wp\/v2\/media?parent=4"}],"curies":[{"name":"wp","href":"https:\/\/api.w.org\/{rel}","templated":true}]}}